{"id":4,"date":"2022-04-08T10:20:14","date_gmt":"2022-04-08T10:20:14","guid":{"rendered":"https:\/\/nymphenburg-zahnmedizin.de\/?page_id=4"},"modified":"2022-04-08T11:27:32","modified_gmt":"2022-04-08T11:27:32","slug":"willkommen-auf-https-nymphenburg-zahnmedizin-de","status":"publish","type":"page","link":"https:\/\/nymphenburg-zahnmedizin.de\/","title":{"rendered":"Zahnarztpraxis am Romanplatz von Dr. Martin Eder"},"content":{"rendered":"\n<h2 class=\"wp-block-heading\">I<strong>hre Zahnarzt M\u00fcnchen in Nymphenburg f\u00fcr die Implantologie , &nbsp;Parodontologie und die komplette moderne Zahnmedizin.<\/strong><\/h2>\n\n\n\n<p>Als Zahnarzt in M\u00fcnchen, direkt am Romanplatz in Nymphenburg<strong>&nbsp;<\/strong>verf\u00fcgen wir \u00fcber eine mittlerweile 25- j\u00e4hrige Praxiserfahrung.&nbsp;Wir sind &nbsp;eine hochmoderne Zahnarztpraxis im Herzen von M\u00fcnchen \/ Nymphenburg und arbeiten auf zwei Etagen in insgesamt 300 qm.<\/p>\n\n\n\n<p class=\"has-medium-font-size\"><a href=\"https:\/\/www.zahnarztpraxis-muenchen.com\"><strong>Termine<\/strong><\/a> <\/p>\n\n\n\n<p><a href=\"https:\/\/www.zahnarztpraxis-muenchen.com\/Datenschutz.html\">Datenschutz<\/a><\/p>\n\n\n\n<p>In Nymphenburg die Zahnmedizin aus\u00fcben zu d\u00fcrfen, die ich gelernt und stetig weiter studiert habe, bereitet mir jeden Tag ein Gl\u00fccksgef\u00fchl.<\/p>\n\n\n\n<p>Darum freuen wir uns sehr, dass Sie zu uns gefunden haben. Verschaffen Sie sich doch gleich einen Einblick in die Zahnarztpraxis Dr. Martin Eder \/ Zahnmedizin in Nymphenburg . Sie sollen sich bei uns wohlf\u00fchlen und das beginnt bereits bei ihrem ersten Kontakt an der Rezeption. Die freundlichen Praxismanagerinnen werden Sie herzlich in Empfang nehmen. Unsere modern ausgestattete Praxis ist auf dem neuesten Stand der Zahnmedizin und Technik. Unser freundliches und kompetentes Team k\u00fcmmert sich um Sie. Bei uns erhalten Sie Ihr Rundum sorglos Paket. Die  Zahnbehandlung in Nymphenburg von Dr. Martin Eder und seinen Kolleginnen bietet Ihnen eine  Zahnmedizin, die sich auf dem wissenschaftlich h\u00f6chsten Stand befindet. <\/p>\n","protected":false},"excerpt":{"rendered":"<p>Ihre Zahnarzt M\u00fcnchen in Nymphenburg f\u00fcr die Implantologie , &nbsp;Parodontologie und die komplette moderne Zahnmedizin. Als Zahnarzt in M\u00fcnchen, direkt am Romanplatz in Nymphenburg&nbsp;verf\u00fcgen wir \u00fcber eine mittlerweile 25- j\u00e4hrige [&hellip;]<\/p>\n","protected":false},"author":1,"featured_media":19,"parent":0,"menu_order":0,"comment_status":"closed","ping_status":"open","template":"","meta":{"footnotes":""},"class_list":["post-4","page","type-page","status-publish","has-post-thumbnail","hentry"],"_links":{"self":[{"href":"https:\/\/nymphenburg-zahnmedizin.de\/index.php?rest_route=\/wp\/v2\/pages\/4","targetHints":{"allow":["GET"]}}],"collection":[{"href":"https:\/\/nymphenburg-zahnmedizin.de\/index.php?rest_route=\/wp\/v2\/pages"}],"about":[{"href":"https:\/\/nymphenburg-zahnmedizin.de\/index.php?rest_route=\/wp\/v2\/types\/page"}],"author":[{"embeddable":true,"href":"https:\/\/nymphenburg-zahnmedizin.de\/index.php?rest_route=\/wp\/v2\/users\/1"}],"replies":[{"embeddable":true,"href":"https:\/\/nymphenburg-zahnmedizin.de\/index.php?rest_route=%2Fwp%2Fv2%2Fcomments&post=4"}],"version-history":[{"count":13,"href":"https:\/\/nymphenburg-zahnmedizin.de\/index.php?rest_route=\/wp\/v2\/pages\/4\/revisions"}],"predecessor-version":[{"id":79,"href":"https:\/\/nymphenburg-zahnmedizin.de\/index.php?rest_route=\/wp\/v2\/pages\/4\/revisions\/79"}],"wp:featuredmedia":[{"embeddable":true,"href":"https:\/\/nymphenburg-zahnmedizin.de\/index.php?rest_route=\/wp\/v2\/media\/19"}],"wp:attachment":[{"href":"https:\/\/nymphenburg-zahnmedizin.de\/index.php?rest_route=%2Fwp%2Fv2%2Fmedia&parent=4"}],"curies":[{"name":"wp","href":"https:\/\/api.w.org\/{rel}","templated":true}]}}